{"id":2342,"date":"2022-09-29T02:43:36","date_gmt":"2022-09-29T02:43:36","guid":{"rendered":"https:\/\/demo.webtend.net\/wp\/oxence-light\/?page_id=2342"},"modified":"2024-02-11T23:15:23","modified_gmt":"2024-02-11T20:15:23","slug":"servislar","status":"publish","type":"page","link":"https:\/\/softeticaz.com\/index.php\/servislar\/","title":{"rendered":"Servislar"},"content":{"rendered":"\t\t<div data-elementor-type=\"wp-page\" data-elementor-id=\"2342\" class=\"elementor elementor-2342\">\n\t\t\t\t\t\t<section class=\"elementor-section elementor-top-section elementor-element elementor-element-f8402a1 elementor-section-boxed elementor-section-height-default elementor-section-height-default\" data-id=\"f8402a1\" data-element_type=\"section\">\n\t\t\t\t\t\t<div class=\"elementor-container elementor-column-gap-default\">\n\t\t\t\t\t<div class=\"elementor-column elementor-col-100 elementor-top-column elementor-element elementor-element-efb9844\" data-id=\"efb9844\" data-element_type=\"column\">\n\t\t\t<div class=\"elementor-widget-wrap elementor-element-populated\">\n\t\t\t\t\t\t<div class=\"elementor-element elementor-element-2eff51e elementor-widget elementor-widget-oxence-services\" data-id=\"2eff51e\" data-element_type=\"widget\" data-widget_type=\"oxence-services.default\">\n\t\t\t\t<div class=\"elementor-widget-container\">\n\t\t\t        <div class=\"oxence-services\">\r\n            <div class=\"row\">\r\n                        <div class=\"col-lg-4 col-md-6 col-12\">\r\n            <div class=\"service-box\">\r\n                                <div class=\"service-thumbnail\">\r\n                    <img fetchpriority=\"high\" decoding=\"async\" width=\"292\" height=\"205\" src=\"https:\/\/softeticaz.com\/wp-content\/uploads\/2022\/10\/Illustration-5.png\" class=\"attachment-full size-full wp-post-image\" alt=\"\" \/>                <\/div>\r\n                                <div class=\"service-desc\">\r\n                    <h4 class=\"title\">\r\n                        <a href=\"https:\/\/softeticaz.com\/index.php\/services\/eticaretsayti\/\">E-ticaret Sayt\u0131<\/a>\r\n                    <\/h4>\r\n                                    <\/div>\r\n            <\/div>\r\n        <\/div>\r\n                <div class=\"col-lg-4 col-md-6 col-12\">\r\n            <div class=\"service-box\">\r\n                                <div class=\"service-thumbnail\">\r\n                    <img decoding=\"async\" width=\"331\" height=\"205\" src=\"https:\/\/softeticaz.com\/wp-content\/uploads\/2022\/10\/Illustration-1.png\" class=\"attachment-full size-full wp-post-image\" alt=\"\" srcset=\"https:\/\/softeticaz.com\/wp-content\/uploads\/2022\/10\/Illustration-1.png 331w, https:\/\/softeticaz.com\/wp-content\/uploads\/2022\/10\/Illustration-1-300x186.png 300w\" sizes=\"(max-width: 331px) 100vw, 331px\" \/>                <\/div>\r\n                                <div class=\"service-desc\">\r\n                    <h4 class=\"title\">\r\n                        <a href=\"https:\/\/softeticaz.com\/index.php\/services\/veb-sayt\/\">Veb Sayt<\/a>\r\n                    <\/h4>\r\n                                    <\/div>\r\n            <\/div>\r\n        <\/div>\r\n                <div class=\"col-lg-4 col-md-6 col-12\">\r\n            <div class=\"service-box\">\r\n                                <div class=\"service-thumbnail\">\r\n                    <img decoding=\"async\" width=\"313\" height=\"205\" src=\"https:\/\/softeticaz.com\/wp-content\/uploads\/2022\/10\/Illustration.png\" class=\"attachment-full size-full wp-post-image\" alt=\"\" srcset=\"https:\/\/softeticaz.com\/wp-content\/uploads\/2022\/10\/Illustration.png 313w, https:\/\/softeticaz.com\/wp-content\/uploads\/2022\/10\/Illustration-300x196.png 300w\" sizes=\"(max-width: 313px) 100vw, 313px\" \/>                <\/div>\r\n                                <div class=\"service-desc\">\r\n                    <h4 class=\"title\">\r\n                        <a href=\"https:\/\/softeticaz.com\/index.php\/services\/sosial-media\/\">Sosial Media<\/a>\r\n                    <\/h4>\r\n                                    <\/div>\r\n            <\/div>\r\n        <\/div>\r\n                <div class=\"col-lg-4 col-md-6 col-12\">\r\n            <div class=\"service-box\">\r\n                                <div class=\"service-thumbnail\">\r\n                    <img loading=\"lazy\" decoding=\"async\" width=\"327\" height=\"205\" src=\"https:\/\/softeticaz.com\/wp-content\/uploads\/2022\/10\/Illustration-2.png\" class=\"attachment-full size-full wp-post-image\" alt=\"\" srcset=\"https:\/\/softeticaz.com\/wp-content\/uploads\/2022\/10\/Illustration-2.png 327w, https:\/\/softeticaz.com\/wp-content\/uploads\/2022\/10\/Illustration-2-300x188.png 300w\" sizes=\"(max-width: 327px) 100vw, 327px\" \/>                <\/div>\r\n                                <div class=\"service-desc\">\r\n                    <h4 class=\"title\">\r\n                        <a href=\"https:\/\/softeticaz.com\/index.php\/services\/search-engine-optimization\/\">Search Engine  Optimization<\/a>\r\n                    <\/h4>\r\n                                    <\/div>\r\n            <\/div>\r\n        <\/div>\r\n                <div class=\"col-lg-4 col-md-6 col-12\">\r\n            <div class=\"service-box\">\r\n                                <div class=\"service-thumbnail\">\r\n                    <img loading=\"lazy\" decoding=\"async\" width=\"213\" height=\"205\" src=\"https:\/\/softeticaz.com\/wp-content\/uploads\/2022\/10\/Illustration-4.png\" class=\"attachment-full size-full wp-post-image\" alt=\"\" \/>                <\/div>\r\n                                <div class=\"service-desc\">\r\n                    <h4 class=\"title\">\r\n                        <a href=\"https:\/\/softeticaz.com\/index.php\/services\/mobilapp\/\">Mobil App<\/a>\r\n                    <\/h4>\r\n                                    <\/div>\r\n            <\/div>\r\n        <\/div>\r\n                <div class=\"col-lg-4 col-md-6 col-12\">\r\n            <div class=\"service-box\">\r\n                                <div class=\"service-thumbnail\">\r\n                    <img loading=\"lazy\" decoding=\"async\" width=\"266\" height=\"205\" src=\"https:\/\/softeticaz.com\/wp-content\/uploads\/2022\/10\/Illustration-3.png\" class=\"attachment-full size-full wp-post-image\" alt=\"\" \/>                <\/div>\r\n                                <div class=\"service-desc\">\r\n                    <h4 class=\"title\">\r\n                        <a href=\"https:\/\/softeticaz.com\/index.php\/services\/web-design-deveopment\/\">Web Design &#038; Deveopment<\/a>\r\n                    <\/h4>\r\n                                    <\/div>\r\n            <\/div>\r\n        <\/div>\r\n                    <\/div>\r\n        <\/div>\r\n        \t\t<\/div>\n\t\t\t\t<\/div>\n\t\t\t\t\t<\/div>\n\t\t<\/div>\n\t\t\t\t\t<\/div>\n\t\t<\/section>\n\t\t\t\t<section class=\"elementor-section elementor-top-section elementor-element elementor-element-37633da elementor-section-boxed elementor-section-height-default elementor-section-height-default\" data-id=\"37633da\" data-element_type=\"section\">\n\t\t\t\t\t\t<div class=\"elementor-container elementor-column-gap-default\">\n\t\t\t\t\t<div class=\"elementor-column elementor-col-50 elementor-top-column elementor-element elementor-element-c8f5c67 elementor-invisible\" data-id=\"c8f5c67\" data-element_type=\"column\" data-settings=\"{&quot;animation&quot;:&quot;fadeInLeft&quot;}\">\n\t\t\t<div class=\"elementor-widget-wrap elementor-element-populated\">\n\t\t\t\t\t\t<div class=\"elementor-element elementor-element-5132c6a elementor-widget elementor-widget-oxence-advanced-heading\" data-id=\"5132c6a\" data-element_type=\"widget\" data-widget_type=\"oxence-advanced-heading.default\">\n\t\t\t\t<div class=\"elementor-widget-container\">\n\t\t\t        <div class=\"oxence-advanced-heading\">\r\n                            <div class=\"sub-heading\">\r\n                                            <span class=\"arrow-line\">\r\n                            <svg version=\"1.1\" xmlns=\"http:\/\/www.w3.org\/2000\/svg\" viewBox=\"0 0 4.15 1.83\"><path d=\"M0.1,0.57C0.25,0.5,0.39,0.4,0.54,0.32C0.69,0.25,0.85,0.2,1.01,0.19c0.3-0.02,0.57,0.11,0.69,0.39 c0.12,0.27,0.14,0.57,0.39,0.76c0.22,0.17,0.5,0.21,0.77,0.22c0.16,0,0.33-0.01,0.49-0.03C3.43,1.51,3.52,1.5,3.61,1.48 c0.08-0.01,0.17-0.02,0.24-0.06c0.04-0.02,0.02-0.07-0.02-0.07C3.75,1.34,3.68,1.37,3.61,1.38C3.53,1.4,3.46,1.42,3.38,1.43 C3.23,1.46,3.07,1.47,2.91,1.47c-0.29,0-0.63-0.04-0.84-0.26c-0.23-0.23-0.2-0.59-0.39-0.84C1.52,0.18,1.26,0.1,1.01,0.11 C0.85,0.12,0.69,0.17,0.54,0.24c-0.16,0.08-0.34,0.17-0.47,0.3C0.06,0.55,0.08,0.58,0.1,0.57L0.1,0.57z\"\/><polygon points=\"4.06,1.39 3.81,1.24 3.55,1.09 3.78,1.41 3.61,1.76 3.84,1.57\"\/><\/svg>                        <\/span>\r\n                                        <span class=\"sub-heading-text\">\u015eirket \u0130statistikleri<\/span>                                    <\/div>\r\n                        <h2 class=\"main-heading\"><span class=\"main-text\">B\u0130Z\u0130 TANIYIN <br>SOFTETIC AZ'd\u0259 H\u0259yata Ke\u00e7iril\u0259n Layih\u0259l\u0259r<\/span><\/h2>        <\/div>\r\n        \t\t<\/div>\n\t\t\t\t<\/div>\n\t\t\t\t<div class=\"elementor-element elementor-element-b39b5fb elementor-widget elementor-widget-text-editor\" data-id=\"b39b5fb\" data-element_type=\"widget\" data-widget_type=\"text-editor.default\">\n\t\t\t\t<div class=\"elementor-widget-container\">\n\t\t\t<style>\/*! elementor - v3.19.0 - 07-02-2024 *\/\n.elementor-widget-text-editor.elementor-drop-cap-view-stacked .elementor-drop-cap{background-color:#69727d;color:#fff}.elementor-widget-text-editor.elementor-drop-cap-view-framed .elementor-drop-cap{color:#69727d;border:3px solid;background-color:transparent}.elementor-widget-text-editor:not(.elementor-drop-cap-view-default) .elementor-drop-cap{margin-top:8px}.elementor-widget-text-editor:not(.elementor-drop-cap-view-default) .elementor-drop-cap-letter{width:1em;height:1em}.elementor-widget-text-editor .elementor-drop-cap{float:left;text-align:center;line-height:1;font-size:50px}.elementor-widget-text-editor .elementor-drop-cap-letter{display:inline-block}<\/style>\t\t\t\t<p>Sizi dijital d\u00fcnyada f\u0259rqlilik yaratma\u011fa d\u0259v\u0259t edirik. T\u0259cr\u00fcb\u0259li komandam\u0131zla, i\u015finizi geni\u015fl\u0259tm\u0259k, onlayn m\u00f6vcudlu\u011funuzu g\u00fccl\u0259ndirm\u0259k v\u0259 m\u00fc\u015ft\u0259ri \u0259laq\u0259liliyini art\u0131rmaq \u00fc\u00e7\u00fcn buraday\u0131q.<\/p>\t\t\t\t\t\t<\/div>\n\t\t\t\t<\/div>\n\t\t\t\t\t<\/div>\n\t\t<\/div>\n\t\t\t\t<div class=\"elementor-column elementor-col-50 elementor-top-column elementor-element elementor-element-4362c5a\" data-id=\"4362c5a\" data-element_type=\"column\">\n\t\t\t<div class=\"elementor-widget-wrap elementor-element-populated\">\n\t\t\t\t\t\t<div class=\"elementor-element elementor-element-abd2352 elementor-invisible elementor-widget elementor-widget-image\" data-id=\"abd2352\" data-element_type=\"widget\" data-settings=\"{&quot;_animation&quot;:&quot;fadeInRight&quot;}\" data-widget_type=\"image.default\">\n\t\t\t\t<div class=\"elementor-widget-container\">\n\t\t\t<style>\/*! elementor - v3.19.0 - 07-02-2024 *\/\n.elementor-widget-image{text-align:center}.elementor-widget-image a{display:inline-block}.elementor-widget-image a img[src$=\".svg\"]{width:48px}.elementor-widget-image img{vertical-align:middle;display:inline-block}<\/style>\t\t\t\t\t\t\t\t\t\t<img loading=\"lazy\" decoding=\"async\" width=\"649\" height=\"485\" src=\"https:\/\/softeticaz.com\/wp-content\/uploads\/2022\/09\/popular-services.png\" class=\"attachment-large size-large wp-image-2349\" alt=\"\" srcset=\"https:\/\/softeticaz.com\/wp-content\/uploads\/2022\/09\/popular-services.png 649w, https:\/\/softeticaz.com\/wp-content\/uploads\/2022\/09\/popular-services-600x448.png 600w, https:\/\/softeticaz.com\/wp-content\/uploads\/2022\/09\/popular-services-300x224.png 300w\" sizes=\"(max-width: 649px) 100vw, 649px\" \/>\t\t\t\t\t\t\t\t\t\t\t\t\t<\/div>\n\t\t\t\t<\/div>\n\t\t\t\t<div class=\"elementor-element elementor-element-d0fe7d3 elementor-widget elementor-widget-oxence-button\" data-id=\"d0fe7d3\" data-element_type=\"widget\" data-widget_type=\"oxence-button.default\">\n\t\t\t\t<div class=\"elementor-widget-container\">\n\t\t\t\t\t<div class=\"oxence-button-wrapper\">\r\n\t\t\t<a href=\"https:\/\/softeticaz.com\/index.php\/ulas\/\" class=\"oxence-button hover-normal\">\r\n\t\t\t\t        <span class=\"button-icon icon-align-right\">\r\n            <i aria-hidden=\"true\" class=\"fas fa-angle-double-right\"><\/i>        <\/span>\r\n                <span class=\"button-text\">\r\n            Daha \u00e7ox m\u0259lumat \u0259ld\u0259 edin        <\/span>\r\n\t\t\t\t\t<\/a>\r\n\t\t<\/div>\r\n\t\t\t\t<\/div>\n\t\t\t\t<\/div>\n\t\t\t\t\t<\/div>\n\t\t<\/div>\n\t\t\t\t\t<\/div>\n\t\t<\/section>\n\t\t\t\t<section class=\"elementor-section elementor-top-section elementor-element elementor-element-43a8115 hide-overly-md elementor-section-boxed elementor-section-height-default elementor-section-height-default\" data-id=\"43a8115\" data-element_type=\"section\">\n\t\t\t\t\t\t\t<div class=\"elementor-background-overlay\"><\/div>\n\t\t\t\t\t\t\t<div class=\"elementor-container elementor-column-gap-default\">\n\t\t\t\t\t<div class=\"elementor-column elementor-col-100 elementor-top-column elementor-element elementor-element-6716882\" data-id=\"6716882\" data-element_type=\"column\">\n\t\t\t<div class=\"elementor-widget-wrap elementor-element-populated\">\n\t\t\t\t\t\t<div class=\"elementor-element elementor-element-eb5abab elementor-invisible elementor-widget elementor-widget-oxence-advanced-heading\" data-id=\"eb5abab\" data-element_type=\"widget\" data-settings=\"{&quot;_animation&quot;:&quot;fadeInUp&quot;}\" data-widget_type=\"oxence-advanced-heading.default\">\n\t\t\t\t<div class=\"elementor-widget-container\">\n\t\t\t        <div class=\"oxence-advanced-heading\">\r\n                            <div class=\"sub-heading\">\r\n                                        <span class=\"sub-heading-text\">Saytlar\u0131n haz\u0131rlanmas\u0131<\/span>                                    <\/div>\r\n                        <h3 class=\"main-heading\"><span class=\"main-text\">Nec\u0259 \u0130\u015fl\u0259yirik?<\/span><\/h3>        <\/div>\r\n        \t\t<\/div>\n\t\t\t\t<\/div>\n\t\t\t\t<section class=\"elementor-section elementor-inner-section elementor-element elementor-element-d5b7544 elementor-section-boxed elementor-section-height-default elementor-section-height-default elementor-invisible\" data-id=\"d5b7544\" data-element_type=\"section\" data-settings=\"{&quot;animation&quot;:&quot;fadeInUp&quot;}\">\n\t\t\t\t\t\t<div class=\"elementor-container elementor-column-gap-default\">\n\t\t\t\t\t<div class=\"elementor-column elementor-col-25 elementor-inner-column elementor-element elementor-element-63b9f84\" data-id=\"63b9f84\" data-element_type=\"column\">\n\t\t\t<div class=\"elementor-widget-wrap elementor-element-populated\">\n\t\t\t\t\t\t<div class=\"elementor-element elementor-element-f36a248 elementor-widget elementor-widget-oxence-iconic-box\" data-id=\"f36a248\" data-element_type=\"widget\" data-widget_type=\"oxence-iconic-box.default\">\n\t\t\t\t<div class=\"elementor-widget-container\">\n\t\t\t        <div class=\"oxence-iconic-box design-three\">\r\n                    <div class=\"box-icon\">\r\n                                                <i aria-hidden=\"true\" class=\"flaticon flaticon-seo\"><\/i>                                                    <span class=\"box-index\">01<\/span>\r\n                    <\/div>\r\n                    <div class=\"box-content\">\r\n                <h5 class=\"box-title\">M\u0259lumat Toplanmas\u0131<\/h5>                <p class=\"description\">M\u00fc\u015ft\u0259ri t\u0259l\u0259bl\u0259rini ba\u015fqa \u00f6l\u00e7\u00fcl\u0259rd\u0259 anlamaq \u00fc\u00e7\u00fcn q\u0131sa v\u0259 effektiv bir proses<\/p>                            <\/div>\r\n                    <\/div>\r\n        \t\t<\/div>\n\t\t\t\t<\/div>\n\t\t\t\t\t<\/div>\n\t\t<\/div>\n\t\t\t\t<div class=\"elementor-column elementor-col-25 elementor-inner-column elementor-element elementor-element-e069f2e\" data-id=\"e069f2e\" data-element_type=\"column\">\n\t\t\t<div class=\"elementor-widget-wrap elementor-element-populated\">\n\t\t\t\t\t\t<div class=\"elementor-element elementor-element-696c60f elementor-widget elementor-widget-oxence-iconic-box\" data-id=\"696c60f\" data-element_type=\"widget\" data-widget_type=\"oxence-iconic-box.default\">\n\t\t\t\t<div class=\"elementor-widget-container\">\n\t\t\t        <div class=\"oxence-iconic-box design-three\">\r\n                    <div class=\"box-icon\">\r\n                                                <i aria-hidden=\"true\" class=\"flaticon flaticon-link\"><\/i>                                                    <span class=\"box-index\">02<\/span>\r\n                    <\/div>\r\n                    <div class=\"box-content\">\r\n                <h5 class=\"box-title\">Fikir Planla\u015fd\u0131rma<\/h5>                <p class=\"description\">Yarat\u0131c\u0131 fikirl\u0259rinizi h\u0259yata ke\u00e7irm\u0259k \u00fc\u00e7\u00fcn plan t\u0259rtib edir v\u0259 nailiyy\u0259tl\u0259r\u0259 g\u0259tirm\u0259y\u0259 k\u00f6m\u0259k edirik<\/p>                            <\/div>\r\n                    <\/div>\r\n        \t\t<\/div>\n\t\t\t\t<\/div>\n\t\t\t\t\t<\/div>\n\t\t<\/div>\n\t\t\t\t<div class=\"elementor-column elementor-col-25 elementor-inner-column elementor-element elementor-element-cab1e08\" data-id=\"cab1e08\" data-element_type=\"column\">\n\t\t\t<div class=\"elementor-widget-wrap elementor-element-populated\">\n\t\t\t\t\t\t<div class=\"elementor-element elementor-element-14570f6 elementor-widget elementor-widget-oxence-iconic-box\" data-id=\"14570f6\" data-element_type=\"widget\" data-widget_type=\"oxence-iconic-box.default\">\n\t\t\t\t<div class=\"elementor-widget-container\">\n\t\t\t        <div class=\"oxence-iconic-box design-three\">\r\n                    <div class=\"box-icon\">\r\n                                                <i aria-hidden=\"true\" class=\"flaticon flaticon-data\"><\/i>                                                    <span class=\"box-index\">03<\/span>\r\n                    <\/div>\r\n                    <div class=\"box-content\">\r\n                <h5 class=\"box-title\">Tasar\u0131m T\u0259hlili<\/h5>                <p class=\"description\">Estetik v\u0259 funksional t\u0259r\u0259fl\u0259rinizi qiym\u0259tl\u0259ndiririk v\u0259 yarad\u0131c\u0131l\u0131\u011f\u0131n\u0131z\u0131 v\u0259 layih\u0259nizi daha da yax\u015f\u0131la\u015fd\u0131rma\u011fa nail oluruq.<\/p>                            <\/div>\r\n                    <\/div>\r\n        \t\t<\/div>\n\t\t\t\t<\/div>\n\t\t\t\t\t<\/div>\n\t\t<\/div>\n\t\t\t\t<div class=\"elementor-column elementor-col-25 elementor-inner-column elementor-element elementor-element-c742ae3\" data-id=\"c742ae3\" data-element_type=\"column\">\n\t\t\t<div class=\"elementor-widget-wrap elementor-element-populated\">\n\t\t\t\t\t\t<div class=\"elementor-element elementor-element-9871d49 elementor-widget elementor-widget-oxence-iconic-box\" data-id=\"9871d49\" data-element_type=\"widget\" data-widget_type=\"oxence-iconic-box.default\">\n\t\t\t\t<div class=\"elementor-widget-container\">\n\t\t\t        <div class=\"oxence-iconic-box design-three\">\r\n                    <div class=\"box-icon\">\r\n                                                <i aria-hidden=\"true\" class=\"flaticon flaticon-star\"><\/i>                                                    <span class=\"box-index\">04<\/span>\r\n                    <\/div>\r\n                    <div class=\"box-content\">\r\n                <h5 class=\"box-title\">Test Etme<\/h5>                <p class=\"description\">Yarad\u0131lm\u0131\u015f layih\u0259l\u0259ri intensiv \u015f\u0259kild\u0259 s\u0131naqdan ke\u00e7irir, funksional v\u0259 performans aspektl\u0259rini yoxlayaraq m\u00fc\u015ft\u0259rinin t\u0259l\u0259bl\u0259rin\u0259 cavab veririk<\/p>                            <\/div>\r\n                    <\/div>\r\n        \t\t<\/div>\n\t\t\t\t<\/div>\n\t\t\t\t\t<\/div>\n\t\t<\/div>\n\t\t\t\t\t<\/div>\n\t\t<\/section>\n\t\t\t\t\t<\/div>\n\t\t<\/div>\n\t\t\t\t\t<\/div>\n\t\t<\/section>\n\t\t\t\t<section class=\"elementor-section elementor-top-section elementor-element elementor-element-1dd8de5 elementor-section-boxed elementor-section-height-default elementor-section-height-default\" data-id=\"1dd8de5\" data-element_type=\"section\" data-settings=\"{&quot;background_background&quot;:&quot;classic&quot;}\">\n\t\t\t\t\t\t<div class=\"elementor-container elementor-column-gap-default\">\n\t\t\t\t\t<div class=\"elementor-column elementor-col-100 elementor-top-column elementor-element elementor-element-021ad92\" data-id=\"021ad92\" data-element_type=\"column\">\n\t\t\t<div class=\"elementor-widget-wrap\">\n\t\t\t\t\t\t\t<\/div>\n\t\t<\/div>\n\t\t\t\t\t<\/div>\n\t\t<\/section>\n\t\t\t\t<\/div>\n\t\t","protected":false},"excerpt":{"rendered":"<p>E-ticaret Sayt\u0131 Veb Sayt Sosial Media Search Engine Optimization Mobil App Web Design &#038; Deveopment \u015eirket \u0130statistikleri B\u0130Z\u0130 TANIYIN SOFTETIC AZ&#8217;d\u0259 H\u0259yata Ke\u00e7iril\u0259n Layih\u0259l\u0259r Sizi dijital d\u00fcnyada f\u0259rqlilik yaratma\u011fa d\u0259v\u0259t edirik. T\u0259cr\u00fcb\u0259li komandam\u0131zla, i\u015finizi geni\u015fl\u0259tm\u0259k, onlayn m\u00f6vcudlu\u011funuzu g\u00fccl\u0259ndirm\u0259k v\u0259 m\u00fc\u015ft\u0259ri \u0259laq\u0259liliyini art\u0131rmaq \u00fc\u00e7\u00fcn buraday\u0131q. Daha \u00e7ox m\u0259lumat \u0259ld\u0259 edin Saytlar\u0131n haz\u0131rlanmas\u0131 Nec\u0259 \u0130\u015fl\u0259yirik? 01 M\u0259lumat [&hellip;]<\/p>\n","protected":false},"author":1,"featured_media":0,"parent":0,"menu_order":0,"comment_status":"closed","ping_status":"closed","template":"","meta":{"footnotes":""},"_links":{"self":[{"href":"https:\/\/softeticaz.com\/index.php\/wp-json\/wp\/v2\/pages\/2342"}],"collection":[{"href":"https:\/\/softeticaz.com\/index.php\/wp-json\/wp\/v2\/pages"}],"about":[{"href":"https:\/\/softeticaz.com\/index.php\/wp-json\/wp\/v2\/types\/page"}],"author":[{"embeddable":true,"href":"https:\/\/softeticaz.com\/index.php\/wp-json\/wp\/v2\/users\/1"}],"replies":[{"embeddable":true,"href":"https:\/\/softeticaz.com\/index.php\/wp-json\/wp\/v2\/comments?post=2342"}],"version-history":[{"count":28,"href":"https:\/\/softeticaz.com\/index.php\/wp-json\/wp\/v2\/pages\/2342\/revisions"}],"predecessor-version":[{"id":5422,"href":"https:\/\/softeticaz.com\/index.php\/wp-json\/wp\/v2\/pages\/2342\/revisions\/5422"}],"wp:attachment":[{"href":"https:\/\/softeticaz.com\/index.php\/wp-json\/wp\/v2\/media?parent=2342"}],"curies":[{"name":"wp","href":"https:\/\/api.w.org\/{rel}","templated":true}]}}