{"id":1058,"date":"2022-08-19T14:46:45","date_gmt":"2022-08-19T14:46:45","guid":{"rendered":"https:\/\/demo.webtend.net\/wp\/oxence-light\/?page_id=1058"},"modified":"2024-02-11T16:03:53","modified_gmt":"2024-02-11T13:03:53","slug":"tamamlanmislar","status":"publish","type":"page","link":"https:\/\/softeticaz.com\/index.php\/tamamlanmislar\/","title":{"rendered":"Tamamlanm\u0131\u015flar"},"content":{"rendered":"\t\t<div data-elementor-type=\"wp-page\" data-elementor-id=\"1058\" class=\"elementor elementor-1058\">\n\t\t\t\t\t\t<section class=\"elementor-section elementor-top-section elementor-element elementor-element-115b02c elementor-section-boxed elementor-section-height-default elementor-section-height-default\" data-id=\"115b02c\" data-element_type=\"section\">\n\t\t\t\t\t\t<div class=\"elementor-container elementor-column-gap-default\">\n\t\t\t\t\t<div class=\"elementor-column elementor-col-100 elementor-top-column elementor-element elementor-element-52d25a5\" data-id=\"52d25a5\" data-element_type=\"column\">\n\t\t\t<div class=\"elementor-widget-wrap elementor-element-populated\">\n\t\t\t\t\t\t<section class=\"elementor-section elementor-inner-section elementor-element elementor-element-ae7c8af elementor-section-boxed elementor-section-height-default elementor-section-height-default\" data-id=\"ae7c8af\" data-element_type=\"section\">\n\t\t\t\t\t\t<div class=\"elementor-container elementor-column-gap-default\">\n\t\t\t\t\t<div class=\"elementor-column elementor-col-50 elementor-inner-column elementor-element elementor-element-60af5d3\" data-id=\"60af5d3\" data-element_type=\"column\">\n\t\t\t<div class=\"elementor-widget-wrap elementor-element-populated\">\n\t\t\t\t\t\t<div class=\"elementor-element elementor-element-e7a1b5b elementor-widget elementor-widget-oxence-advanced-heading\" data-id=\"e7a1b5b\" data-element_type=\"widget\" data-widget_type=\"oxence-advanced-heading.default\">\n\t\t\t\t<div class=\"elementor-widget-container\">\n\t\t\t        <div class=\"oxence-advanced-heading\">\r\n                            <div class=\"sub-heading\">\r\n                                        <span class=\"sub-heading-text\">Haz\u0131r Paketl\u0259rl\u0259 saytlar\u0131n haz\u0131rlanmas\u0131\n<\/span>                                    <\/div>\r\n                        <h3 class=\"main-heading\"><span class=\"main-text\">G\u00f6z\u0259l v\u0259 funksional veb sayt\u0131n\u0131z\u0131 t\u0259rtib etm\u0259k \u00fc\u00e7\u00fcn haz\u0131r paketl\u0259rimizl\u0259 tan\u0131\u015f olun<\/span><\/h3>        <\/div>\r\n        \t\t<\/div>\n\t\t\t\t<\/div>\n\t\t\t\t\t<\/div>\n\t\t<\/div>\n\t\t\t\t<div class=\"elementor-column elementor-col-50 elementor-inner-column elementor-element elementor-element-4629cf6\" data-id=\"4629cf6\" data-element_type=\"column\">\n\t\t\t<div class=\"elementor-widget-wrap\">\n\t\t\t\t\t\t\t<\/div>\n\t\t<\/div>\n\t\t\t\t\t<\/div>\n\t\t<\/section>\n\t\t\t\t<div class=\"elementor-element elementor-element-65dab74 elementor-widget elementor-widget-oxence-portfolio\" data-id=\"65dab74\" data-element_type=\"widget\" data-widget_type=\"oxence-portfolio.default\">\n\t\t\t\t<div class=\"elementor-widget-container\">\n\t\t\t        <div class=\"oxence-portfolio isotope-filter\">\r\n                    <div class=\"filter-nav-wrap\">\r\n            <ul class=\"filter-nav-items\">\r\n                <li data-filter=\"*\" class=\"active\">All<\/li>\r\n                                                            <li data-filter=\".business\">Business<\/li>\r\n                                                                                    <li data-filter=\".construction\">Construction<\/li>\r\n                                                                                    <li data-filter=\".education\">Education<\/li>\r\n                                                                                    <li data-filter=\".medical\">Medical<\/li>\r\n                                                                                    <li data-filter=\".saas\">Saas<\/li>\r\n                                                    <\/ul>\r\n        <\/div>\r\n        \r\n            <div class=\"row isotope-filter-grid\">\r\n                        <div class=\"isotope-filter-item col-lg-4 col-md-6 col-12 business\">\r\n            <div class=\"portfolio-item style-normal\">\r\n                <div class=\"portfolio-thumbnail\">\r\n                    <img fetchpriority=\"high\" decoding=\"async\" width=\"850\" height=\"560\" src=\"https:\/\/softeticaz.com\/wp-content\/uploads\/2022\/08\/2-850x560.png\" class=\"attachment-oxence_850x560 size-oxence_850x560 wp-post-image\" alt=\"\" \/>                                        <a href=\"https:\/\/softeticaz.com\/index.php\/portfolio\/motor-hissalari-veb-sayti\/\" class=\"portfolio-link\">\r\n                        <i class=\"far fa-arrow-right\"><\/i>\r\n                    <\/a>\r\n                                    <\/div>\r\n                <div class=\"portfolio-content\">\r\n                    <div class=\"content\">\r\n                                                <h4 class=\"title\">\r\n                            <a href=\"https:\/\/softeticaz.com\/index.php\/portfolio\/motor-hissalari-veb-sayti\/\">\r\n                                MOTOR H\u0130SS\u018fL\u018fR\u0130 SATI\u015e VEB SAYTI                            <\/a>\r\n                        <\/h4>\r\n                                                <div class=\"categories\">\r\n                            <a href=\"https:\/\/softeticaz.com\/index.php\/portfolio-category\/business\/\" rel=\"tag\">Business<\/a>                        <\/div>\r\n                                                                    <\/div>\r\n                                    <\/div>\r\n            <\/div>\r\n        <\/div>\r\n                <div class=\"isotope-filter-item col-lg-4 col-md-6 col-12 biznes business\">\r\n            <div class=\"portfolio-item style-normal\">\r\n                <div class=\"portfolio-thumbnail\">\r\n                    <img decoding=\"async\" width=\"850\" height=\"560\" src=\"https:\/\/softeticaz.com\/wp-content\/uploads\/2022\/08\/3-850x560.png\" class=\"attachment-oxence_850x560 size-oxence_850x560 wp-post-image\" alt=\"\" \/>                                        <a href=\"https:\/\/softeticaz.com\/index.php\/portfolio\/gmmshop-eticarat-veb-sayti\/\" class=\"portfolio-link\">\r\n                        <i class=\"far fa-arrow-right\"><\/i>\r\n                    <\/a>\r\n                                    <\/div>\r\n                <div class=\"portfolio-content\">\r\n                    <div class=\"content\">\r\n                                                <h4 class=\"title\">\r\n                            <a href=\"https:\/\/softeticaz.com\/index.php\/portfolio\/gmmshop-eticarat-veb-sayti\/\">\r\n                                GMMShop E-Ticar\u0259t Sayt\u0131                            <\/a>\r\n                        <\/h4>\r\n                                                <div class=\"categories\">\r\n                            <a href=\"https:\/\/softeticaz.com\/index.php\/portfolio-category\/biznes\/\" rel=\"tag\">Biznes<\/a><span>,<\/span><a href=\"https:\/\/softeticaz.com\/index.php\/portfolio-category\/business\/\" rel=\"tag\">Business<\/a>                        <\/div>\r\n                                                                    <\/div>\r\n                                    <\/div>\r\n            <\/div>\r\n        <\/div>\r\n                <div class=\"isotope-filter-item col-lg-4 col-md-6 col-12 business construction\">\r\n            <div class=\"portfolio-item style-normal\">\r\n                <div class=\"portfolio-thumbnail\">\r\n                    <img decoding=\"async\" width=\"850\" height=\"560\" src=\"https:\/\/softeticaz.com\/wp-content\/uploads\/2022\/08\/5-850x560.png\" class=\"attachment-oxence_850x560 size-oxence_850x560 wp-post-image\" alt=\"\" \/>                                        <a href=\"https:\/\/softeticaz.com\/index.php\/portfolio\/grup-ofis-sirkat-veb-sayti\/\" class=\"portfolio-link\">\r\n                        <i class=\"far fa-arrow-right\"><\/i>\r\n                    <\/a>\r\n                                    <\/div>\r\n                <div class=\"portfolio-content\">\r\n                    <div class=\"content\">\r\n                                                <h4 class=\"title\">\r\n                            <a href=\"https:\/\/softeticaz.com\/index.php\/portfolio\/grup-ofis-sirkat-veb-sayti\/\">\r\n                                Grup-Ofis \u015eirk\u0259t Veb Sayt\u0131                            <\/a>\r\n                        <\/h4>\r\n                                                <div class=\"categories\">\r\n                            <a href=\"https:\/\/softeticaz.com\/index.php\/portfolio-category\/business\/\" rel=\"tag\">Business<\/a><span>,<\/span><a href=\"https:\/\/softeticaz.com\/index.php\/portfolio-category\/construction\/\" rel=\"tag\">Construction<\/a>                        <\/div>\r\n                                                                    <\/div>\r\n                                    <\/div>\r\n            <\/div>\r\n        <\/div>\r\n                <div class=\"isotope-filter-item col-lg-4 col-md-6 col-12 business dashboard\">\r\n            <div class=\"portfolio-item style-normal\">\r\n                <div class=\"portfolio-thumbnail\">\r\n                    <img loading=\"lazy\" decoding=\"async\" width=\"850\" height=\"560\" src=\"https:\/\/softeticaz.com\/wp-content\/uploads\/2022\/08\/7-850x560.png\" class=\"attachment-oxence_850x560 size-oxence_850x560 wp-post-image\" alt=\"\" \/>                                        <a href=\"https:\/\/softeticaz.com\/index.php\/portfolio\/emrcase-eticaret-veb-sayti\/\" class=\"portfolio-link\">\r\n                        <i class=\"far fa-arrow-right\"><\/i>\r\n                    <\/a>\r\n                                    <\/div>\r\n                <div class=\"portfolio-content\">\r\n                    <div class=\"content\">\r\n                                                <h4 class=\"title\">\r\n                            <a href=\"https:\/\/softeticaz.com\/index.php\/portfolio\/emrcase-eticaret-veb-sayti\/\">\r\n                                Emrcase E-ticar\u0259t Veb Sayt\u0131                            <\/a>\r\n                        <\/h4>\r\n                                                <div class=\"categories\">\r\n                            <a href=\"https:\/\/softeticaz.com\/index.php\/portfolio-category\/business\/\" rel=\"tag\">Business<\/a><span>,<\/span><a href=\"https:\/\/softeticaz.com\/index.php\/portfolio-category\/dashboard\/\" rel=\"tag\">Dashboard<\/a>                        <\/div>\r\n                                                                    <\/div>\r\n                                    <\/div>\r\n            <\/div>\r\n        <\/div>\r\n                <div class=\"isotope-filter-item col-lg-4 col-md-6 col-12 business saas\">\r\n            <div class=\"portfolio-item style-normal\">\r\n                <div class=\"portfolio-thumbnail\">\r\n                    <img loading=\"lazy\" decoding=\"async\" width=\"850\" height=\"560\" src=\"https:\/\/softeticaz.com\/wp-content\/uploads\/2022\/08\/8-850x560.png\" class=\"attachment-oxence_850x560 size-oxence_850x560 wp-post-image\" alt=\"\" \/>                                        <a href=\"https:\/\/softeticaz.com\/index.php\/portfolio\/ase-veb-sayt\/\" class=\"portfolio-link\">\r\n                        <i class=\"far fa-arrow-right\"><\/i>\r\n                    <\/a>\r\n                                    <\/div>\r\n                <div class=\"portfolio-content\">\r\n                    <div class=\"content\">\r\n                                                <h4 class=\"title\">\r\n                            <a href=\"https:\/\/softeticaz.com\/index.php\/portfolio\/ase-veb-sayt\/\">\r\n                                Ase Veb Sayt                            <\/a>\r\n                        <\/h4>\r\n                                                <div class=\"categories\">\r\n                            <a href=\"https:\/\/softeticaz.com\/index.php\/portfolio-category\/business\/\" rel=\"tag\">Business<\/a><span>,<\/span><a href=\"https:\/\/softeticaz.com\/index.php\/portfolio-category\/saas\/\" rel=\"tag\">Saas<\/a>                        <\/div>\r\n                                                                    <\/div>\r\n                                    <\/div>\r\n            <\/div>\r\n        <\/div>\r\n                <div class=\"isotope-filter-item col-lg-4 col-md-6 col-12 business construction\">\r\n            <div class=\"portfolio-item style-normal\">\r\n                <div class=\"portfolio-thumbnail\">\r\n                    <img loading=\"lazy\" decoding=\"async\" width=\"850\" height=\"560\" src=\"https:\/\/softeticaz.com\/wp-content\/uploads\/2022\/08\/6-850x560.png\" class=\"attachment-oxence_850x560 size-oxence_850x560 wp-post-image\" alt=\"\" \/>                                        <a href=\"https:\/\/softeticaz.com\/index.php\/portfolio\/ardenes-eticaret-veb-sayti\/\" class=\"portfolio-link\">\r\n                        <i class=\"far fa-arrow-right\"><\/i>\r\n                    <\/a>\r\n                                    <\/div>\r\n                <div class=\"portfolio-content\">\r\n                    <div class=\"content\">\r\n                                                <h4 class=\"title\">\r\n                            <a href=\"https:\/\/softeticaz.com\/index.php\/portfolio\/ardenes-eticaret-veb-sayti\/\">\r\n                                Ardenes E-ticar\u0259t Veb Sayt\u0131                            <\/a>\r\n                        <\/h4>\r\n                                                <div class=\"categories\">\r\n                            <a href=\"https:\/\/softeticaz.com\/index.php\/portfolio-category\/business\/\" rel=\"tag\">Business<\/a><span>,<\/span><a href=\"https:\/\/softeticaz.com\/index.php\/portfolio-category\/construction\/\" rel=\"tag\">Construction<\/a>                        <\/div>\r\n                                                                    <\/div>\r\n                                    <\/div>\r\n            <\/div>\r\n        <\/div>\r\n                <div class=\"isotope-filter-item col-lg-4 col-md-6 col-12 business creative\">\r\n            <div class=\"portfolio-item style-normal\">\r\n                <div class=\"portfolio-thumbnail\">\r\n                    <img loading=\"lazy\" decoding=\"async\" width=\"850\" height=\"560\" src=\"https:\/\/softeticaz.com\/wp-content\/uploads\/2022\/08\/10-850x560.png\" class=\"attachment-oxence_850x560 size-oxence_850x560 wp-post-image\" alt=\"\" \/>                                        <a href=\"https:\/\/softeticaz.com\/index.php\/portfolio\/sinanur-mod-veb-sayti\/\" class=\"portfolio-link\">\r\n                        <i class=\"far fa-arrow-right\"><\/i>\r\n                    <\/a>\r\n                                    <\/div>\r\n                <div class=\"portfolio-content\">\r\n                    <div class=\"content\">\r\n                                                <h4 class=\"title\">\r\n                            <a href=\"https:\/\/softeticaz.com\/index.php\/portfolio\/sinanur-mod-veb-sayti\/\">\r\n                                Sinanur Moda Veb Sayti                            <\/a>\r\n                        <\/h4>\r\n                                                <div class=\"categories\">\r\n                            <a href=\"https:\/\/softeticaz.com\/index.php\/portfolio-category\/business\/\" rel=\"tag\">Business<\/a><span>,<\/span><a href=\"https:\/\/softeticaz.com\/index.php\/portfolio-category\/creative\/\" rel=\"tag\">Creative<\/a>                        <\/div>\r\n                                                                    <\/div>\r\n                                    <\/div>\r\n            <\/div>\r\n        <\/div>\r\n                <div class=\"isotope-filter-item col-lg-4 col-md-6 col-12 business\">\r\n            <div class=\"portfolio-item style-normal\">\r\n                <div class=\"portfolio-thumbnail\">\r\n                    <img loading=\"lazy\" decoding=\"async\" width=\"850\" height=\"560\" src=\"https:\/\/softeticaz.com\/wp-content\/uploads\/2022\/08\/11-850x560.png\" class=\"attachment-oxence_850x560 size-oxence_850x560 wp-post-image\" alt=\"\" \/>                                        <a href=\"https:\/\/softeticaz.com\/index.php\/portfolio\/tekoglu-hali-yikama-veb-sayti\/\" class=\"portfolio-link\">\r\n                        <i class=\"far fa-arrow-right\"><\/i>\r\n                    <\/a>\r\n                                    <\/div>\r\n                <div class=\"portfolio-content\">\r\n                    <div class=\"content\">\r\n                                                <h4 class=\"title\">\r\n                            <a href=\"https:\/\/softeticaz.com\/index.php\/portfolio\/tekoglu-hali-yikama-veb-sayti\/\">\r\n                                Tekoglu Hali Yikama Veb Sayti                            <\/a>\r\n                        <\/h4>\r\n                                                <div class=\"categories\">\r\n                            <a href=\"https:\/\/softeticaz.com\/index.php\/portfolio-category\/business\/\" rel=\"tag\">Business<\/a>                        <\/div>\r\n                                                                    <\/div>\r\n                                    <\/div>\r\n            <\/div>\r\n        <\/div>\r\n                <div class=\"isotope-filter-item col-lg-4 col-md-6 col-12 business\">\r\n            <div class=\"portfolio-item style-normal\">\r\n                <div class=\"portfolio-thumbnail\">\r\n                    <img loading=\"lazy\" decoding=\"async\" width=\"850\" height=\"560\" src=\"https:\/\/softeticaz.com\/wp-content\/uploads\/2022\/08\/9-850x560.png\" class=\"attachment-oxence_850x560 size-oxence_850x560 wp-post-image\" alt=\"\" \/>                                        <a href=\"https:\/\/softeticaz.com\/index.php\/portfolio\/veracity-company-veb-sayti\/\" class=\"portfolio-link\">\r\n                        <i class=\"far fa-arrow-right\"><\/i>\r\n                    <\/a>\r\n                                    <\/div>\r\n                <div class=\"portfolio-content\">\r\n                    <div class=\"content\">\r\n                                                <h4 class=\"title\">\r\n                            <a href=\"https:\/\/softeticaz.com\/index.php\/portfolio\/veracity-company-veb-sayti\/\">\r\n                                VeracityCompany Veb Sayt\u0131                            <\/a>\r\n                        <\/h4>\r\n                                                <div class=\"categories\">\r\n                            <a href=\"https:\/\/softeticaz.com\/index.php\/portfolio-category\/business\/\" rel=\"tag\">Business<\/a>                        <\/div>\r\n                                                                    <\/div>\r\n                                    <\/div>\r\n            <\/div>\r\n        <\/div>\r\n                <div class=\"isotope-filter-item col-lg-4 col-md-6 col-12 business\">\r\n            <div class=\"portfolio-item style-normal\">\r\n                <div class=\"portfolio-thumbnail\">\r\n                    <img loading=\"lazy\" decoding=\"async\" width=\"850\" height=\"560\" src=\"https:\/\/softeticaz.com\/wp-content\/uploads\/2022\/08\/14-850x560.png\" class=\"attachment-oxence_850x560 size-oxence_850x560 wp-post-image\" alt=\"\" \/>                                        <a href=\"https:\/\/softeticaz.com\/index.php\/portfolio\/hobiflex-veb-sayti\/\" class=\"portfolio-link\">\r\n                        <i class=\"far fa-arrow-right\"><\/i>\r\n                    <\/a>\r\n                                    <\/div>\r\n                <div class=\"portfolio-content\">\r\n                    <div class=\"content\">\r\n                                                <h4 class=\"title\">\r\n                            <a href=\"https:\/\/softeticaz.com\/index.php\/portfolio\/hobiflex-veb-sayti\/\">\r\n                                Hobiflex Veb Sayti                            <\/a>\r\n                        <\/h4>\r\n                                                <div class=\"categories\">\r\n                            <a href=\"https:\/\/softeticaz.com\/index.php\/portfolio-category\/business\/\" rel=\"tag\">Business<\/a>                        <\/div>\r\n                                                                    <\/div>\r\n                                    <\/div>\r\n            <\/div>\r\n        <\/div>\r\n                <div class=\"isotope-filter-item col-lg-4 col-md-6 col-12 business creative\">\r\n            <div class=\"portfolio-item style-normal\">\r\n                <div class=\"portfolio-thumbnail\">\r\n                    <img loading=\"lazy\" decoding=\"async\" width=\"850\" height=\"560\" src=\"https:\/\/softeticaz.com\/wp-content\/uploads\/2022\/08\/4-850x560.png\" class=\"attachment-oxence_850x560 size-oxence_850x560 wp-post-image\" alt=\"\" \/>                                        <a href=\"https:\/\/softeticaz.com\/index.php\/portfolio\/saral-sirkati-veb-sayti\/\" class=\"portfolio-link\">\r\n                        <i class=\"far fa-arrow-right\"><\/i>\r\n                    <\/a>\r\n                                    <\/div>\r\n                <div class=\"portfolio-content\">\r\n                    <div class=\"content\">\r\n                                                <h4 class=\"title\">\r\n                            <a href=\"https:\/\/softeticaz.com\/index.php\/portfolio\/saral-sirkati-veb-sayti\/\">\r\n                                Saral \u015eirk\u0259ti Veb Sayt\u0131                            <\/a>\r\n                        <\/h4>\r\n                                                <div class=\"categories\">\r\n                            <a href=\"https:\/\/softeticaz.com\/index.php\/portfolio-category\/business\/\" rel=\"tag\">Business<\/a><span>,<\/span><a href=\"https:\/\/softeticaz.com\/index.php\/portfolio-category\/creative\/\" rel=\"tag\">Creative<\/a>                        <\/div>\r\n                                                                    <\/div>\r\n                                    <\/div>\r\n            <\/div>\r\n        <\/div>\r\n                <div class=\"isotope-filter-item col-lg-4 col-md-6 col-12 business\">\r\n            <div class=\"portfolio-item style-normal\">\r\n                <div class=\"portfolio-thumbnail\">\r\n                    <img loading=\"lazy\" decoding=\"async\" width=\"850\" height=\"560\" src=\"https:\/\/softeticaz.com\/wp-content\/uploads\/2022\/08\/13-1-850x560.png\" class=\"attachment-oxence_850x560 size-oxence_850x560 wp-post-image\" alt=\"\" \/>                                        <a href=\"https:\/\/softeticaz.com\/index.php\/portfolio\/bilge-kitabevi-veb-sayti\/\" class=\"portfolio-link\">\r\n                        <i class=\"far fa-arrow-right\"><\/i>\r\n                    <\/a>\r\n                                    <\/div>\r\n                <div class=\"portfolio-content\">\r\n                    <div class=\"content\">\r\n                                                <h4 class=\"title\">\r\n                            <a href=\"https:\/\/softeticaz.com\/index.php\/portfolio\/bilge-kitabevi-veb-sayti\/\">\r\n                                Bilge Kitabevi Veb Sayti                            <\/a>\r\n                        <\/h4>\r\n                                                <div class=\"categories\">\r\n                            <a href=\"https:\/\/softeticaz.com\/index.php\/portfolio-category\/business\/\" rel=\"tag\">Business<\/a>                        <\/div>\r\n                                                                    <\/div>\r\n                                    <\/div>\r\n            <\/div>\r\n        <\/div>\r\n                    <\/div>\r\n        <\/div>\r\n        \t\t<\/div>\n\t\t\t\t<\/div>\n\t\t\t\t\t<\/div>\n\t\t<\/div>\n\t\t\t\t\t<\/div>\n\t\t<\/section>\n\t\t\t\t<\/div>\n\t\t","protected":false},"excerpt":{"rendered":"<p>Haz\u0131r Paketl\u0259rl\u0259 saytlar\u0131n haz\u0131rlanmas\u0131 G\u00f6z\u0259l v\u0259 funksional veb sayt\u0131n\u0131z\u0131 t\u0259rtib etm\u0259k \u00fc\u00e7\u00fcn haz\u0131r paketl\u0259rimizl\u0259 tan\u0131\u015f olun All Business Construction Education Medical Saas Dental Care Creative Web Template Education,Medical Doctio Medical Health Website Template Education,Medical Fintex Business Corporate Website Template Business,Construction University College Web Template Construction,Saas Becoach Education &#038; Coach Web.. Business,Saas Oxence Website Services Template [&hellip;]<\/p>\n","protected":false},"author":1,"featured_media":0,"parent":0,"menu_order":0,"comment_status":"closed","ping_status":"closed","template":"","meta":{"footnotes":""},"_links":{"self":[{"href":"https:\/\/softeticaz.com\/index.php\/wp-json\/wp\/v2\/pages\/1058"}],"collection":[{"href":"https:\/\/softeticaz.com\/index.php\/wp-json\/wp\/v2\/pages"}],"about":[{"href":"https:\/\/softeticaz.com\/index.php\/wp-json\/wp\/v2\/types\/page"}],"author":[{"embeddable":true,"href":"https:\/\/softeticaz.com\/index.php\/wp-json\/wp\/v2\/users\/1"}],"replies":[{"embeddable":true,"href":"https:\/\/softeticaz.com\/index.php\/wp-json\/wp\/v2\/comments?post=1058"}],"version-history":[{"count":6,"href":"https:\/\/softeticaz.com\/index.php\/wp-json\/wp\/v2\/pages\/1058\/revisions"}],"predecessor-version":[{"id":5339,"href":"https:\/\/softeticaz.com\/index.php\/wp-json\/wp\/v2\/pages\/1058\/revisions\/5339"}],"wp:attachment":[{"href":"https:\/\/softeticaz.com\/index.php\/wp-json\/wp\/v2\/media?parent=1058"}],"curies":[{"name":"wp","href":"https:\/\/api.w.org\/{rel}","templated":true}]}}